{"id":606,"date":"2016-07-14T13:45:25","date_gmt":"2016-07-14T13:45:25","guid":{"rendered":"https:\/\/sacoma.protur-hotels.com\/home-2\/"},"modified":"2022-02-28T15:48:43","modified_gmt":"2022-02-28T15:48:43","slug":"home-2","status":"publish","type":"page","link":"https:\/\/sacoma.protur-hotels.com\/fr\/","title":{"rendered":"Homepage"},"content":{"rendered":"","protected":false},"excerpt":{"rendered":"","protected":false},"author":1,"featured_media":0,"parent":0,"menu_order":0,"comment_status":"closed","ping_status":"open","template":"","meta":[],"yoast_head":"\nClub Protur Sa Coma Resort \u00e0 Majorque | Protur Hotels<\/title>\n<meta name=\"description\" content=\"Profitez du Club PROTUR Sa Coma Resort; Un lieu unique \u00e0 Majorque, o\u00fa vous pourrez profiter de plus de 200,000m\u00b2 d\u2019installations\" \/>\n<meta name=\"robots\" content=\"index, follow, max-snippet:-1, max-image-preview:large, max-video-preview:-1\" \/>\n<link rel=\"canonical\" href=\"https:\/\/sacoma.protur-hotels.com\/fr\/\" \/>\n<meta property=\"og:locale\" content=\"fr_FR\" \/>\n<meta property=\"og:type\" content=\"article\" \/>\n<meta property=\"og:title\" content=\"Club Protur Sa Coma Resort \u00e0 Majorque | Protur Hotels\" \/>\n<meta property=\"og:description\" content=\"Profitez du Club PROTUR Sa Coma Resort; Un lieu unique \u00e0 Majorque, o\u00fa vous pourrez profiter de plus de 200,000m\u00b2 d\u2019installations\" \/>\n<meta property=\"og:url\" content=\"https:\/\/sacoma.protur-hotels.com\/fr\/\" \/>\n<meta property=\"og:site_name\" content=\"Protur Sa Coma Resort diversi\u00f3n en familia\" \/>\n<meta property=\"article:publisher\" content=\"https:\/\/www.facebook.com\/clubprotursacomaresort\/\" \/>\n<meta property=\"article:modified_time\" content=\"2022-02-28T15:48:43+00:00\" \/>\n<meta name=\"twitter:card\" content=\"summary_large_image\" \/>\n<script type=\"application\/ld+json\" class=\"yoast-schema-graph\">{\"@context\":\"https:\/\/schema.org\",\"@graph\":[{\"@type\":\"Organization\",\"@id\":\"https:\/\/sacoma.protur-hotels.com\/#organization\",\"name\":\"Club PROTUR SA Coma REsort\",\"url\":\"https:\/\/sacoma.protur-hotels.com\/\",\"sameAs\":[\"https:\/\/www.facebook.com\/clubprotursacomaresort\/\"],\"logo\":{\"@type\":\"ImageObject\",\"@id\":\"https:\/\/sacoma.protur-hotels.com\/#logo\",\"inLanguage\":\"fr-FR\",\"url\":\"https:\/\/sacoma.protur-hotels.com\/wp-content\/uploads\/2019\/07\/Logo-club-sin-fondo.png\",\"contentUrl\":\"https:\/\/sacoma.protur-hotels.com\/wp-content\/uploads\/2019\/07\/Logo-club-sin-fondo.png\",\"width\":748,\"height\":748,\"caption\":\"Club PROTUR SA Coma REsort\"},\"image\":{\"@id\":\"https:\/\/sacoma.protur-hotels.com\/#logo\"}},{\"@type\":\"WebSite\",\"@id\":\"https:\/\/sacoma.protur-hotels.com\/#website\",\"url\":\"https:\/\/sacoma.protur-hotels.com\/\",\"name\":\"Protur Sa Coma Resort diversi\u00f3n en familia\",\"description\":\"Vive el Club PROTUR Sa Coma Resort! Un lugar \u00fanico en Mallorca en el que podr\u00e1s disfrutar de m\u00e1s de 200.000 m\u00b2 de instalaciones deportivas\",\"publisher\":{\"@id\":\"https:\/\/sacoma.protur-hotels.com\/#organization\"},\"potentialAction\":[{\"@type\":\"SearchAction\",\"target\":{\"@type\":\"EntryPoint\",\"urlTemplate\":\"https:\/\/sacoma.protur-hotels.com\/?s={search_term_string}\"},\"query-input\":\"required name=search_term_string\"}],\"inLanguage\":\"fr-FR\"},{\"@type\":\"WebPage\",\"@id\":\"https:\/\/sacoma.protur-hotels.com\/fr\/#webpage\",\"url\":\"https:\/\/sacoma.protur-hotels.com\/fr\/\",\"name\":\"Club Protur Sa Coma Resort \u00e0 Majorque | Protur Hotels\",\"isPartOf\":{\"@id\":\"https:\/\/sacoma.protur-hotels.com\/#website\"},\"datePublished\":\"2016-07-14T13:45:25+00:00\",\"dateModified\":\"2022-02-28T15:48:43+00:00\",\"description\":\"Profitez du Club PROTUR Sa Coma Resort; Un lieu unique \u00e0 Majorque, o\u00fa vous pourrez profiter de plus de 200,000m\u00b2 d\u2019installations\",\"breadcrumb\":{\"@id\":\"https:\/\/sacoma.protur-hotels.com\/fr\/#breadcrumb\"},\"inLanguage\":\"fr-FR\",\"potentialAction\":[{\"@type\":\"ReadAction\",\"target\":[\"https:\/\/sacoma.protur-hotels.com\/fr\/\"]}]},{\"@type\":\"BreadcrumbList\",\"@id\":\"https:\/\/sacoma.protur-hotels.com\/fr\/#breadcrumb\",\"itemListElement\":[{\"@type\":\"ListItem\",\"position\":1,\"name\":\"Portada\",\"item\":\"https:\/\/sacoma.protur-hotels.com\/fr\/\"},{\"@type\":\"ListItem\",\"position\":2,\"name\":\"Homepage\"}]}]}<\/script>\n<!-- \/ Yoast SEO plugin. -->","yoast_head_json":{"title":"Club Protur Sa Coma Resort \u00e0 Majorque | Protur Hotels","description":"Profitez du Club PROTUR Sa Coma Resort; Un lieu unique \u00e0 Majorque, o\u00fa vous pourrez profiter de plus de 200,000m\u00b2 d\u2019installations","robots":{"index":"index","follow":"follow","max-snippet":"max-snippet:-1","max-image-preview":"max-image-preview:large","max-video-preview":"max-video-preview:-1"},"canonical":"https:\/\/sacoma.protur-hotels.com\/fr\/","og_locale":"fr_FR","og_type":"article","og_title":"Club Protur Sa Coma Resort \u00e0 Majorque | Protur Hotels","og_description":"Profitez du Club PROTUR Sa Coma Resort; Un lieu unique \u00e0 Majorque, o\u00fa vous pourrez profiter de plus de 200,000m\u00b2 d\u2019installations","og_url":"https:\/\/sacoma.protur-hotels.com\/fr\/","og_site_name":"Protur Sa Coma Resort diversi\u00f3n en familia","article_publisher":"https:\/\/www.facebook.com\/clubprotursacomaresort\/","article_modified_time":"2022-02-28T15:48:43+00:00","twitter_card":"summary_large_image","schema":{"@context":"https:\/\/schema.org","@graph":[{"@type":"Organization","@id":"https:\/\/sacoma.protur-hotels.com\/#organization","name":"Club PROTUR SA Coma REsort","url":"https:\/\/sacoma.protur-hotels.com\/","sameAs":["https:\/\/www.facebook.com\/clubprotursacomaresort\/"],"logo":{"@type":"ImageObject","@id":"https:\/\/sacoma.protur-hotels.com\/#logo","inLanguage":"fr-FR","url":"https:\/\/sacoma.protur-hotels.com\/wp-content\/uploads\/2019\/07\/Logo-club-sin-fondo.png","contentUrl":"https:\/\/sacoma.protur-hotels.com\/wp-content\/uploads\/2019\/07\/Logo-club-sin-fondo.png","width":748,"height":748,"caption":"Club PROTUR SA Coma REsort"},"image":{"@id":"https:\/\/sacoma.protur-hotels.com\/#logo"}},{"@type":"WebSite","@id":"https:\/\/sacoma.protur-hotels.com\/#website","url":"https:\/\/sacoma.protur-hotels.com\/","name":"Protur Sa Coma Resort diversi\u00f3n en familia","description":"Vive el Club PROTUR Sa Coma Resort! Un lugar \u00fanico en Mallorca en el que podr\u00e1s disfrutar de m\u00e1s de 200.000 m\u00b2 de instalaciones deportivas","publisher":{"@id":"https:\/\/sacoma.protur-hotels.com\/#organization"},"potentialAction":[{"@type":"SearchAction","target":{"@type":"EntryPoint","urlTemplate":"https:\/\/sacoma.protur-hotels.com\/?s={search_term_string}"},"query-input":"required name=search_term_string"}],"inLanguage":"fr-FR"},{"@type":"WebPage","@id":"https:\/\/sacoma.protur-hotels.com\/fr\/#webpage","url":"https:\/\/sacoma.protur-hotels.com\/fr\/","name":"Club Protur Sa Coma Resort \u00e0 Majorque | Protur Hotels","isPartOf":{"@id":"https:\/\/sacoma.protur-hotels.com\/#website"},"datePublished":"2016-07-14T13:45:25+00:00","dateModified":"2022-02-28T15:48:43+00:00","description":"Profitez du Club PROTUR Sa Coma Resort; Un lieu unique \u00e0 Majorque, o\u00fa vous pourrez profiter de plus de 200,000m\u00b2 d\u2019installations","breadcrumb":{"@id":"https:\/\/sacoma.protur-hotels.com\/fr\/#breadcrumb"},"inLanguage":"fr-FR","potentialAction":[{"@type":"ReadAction","target":["https:\/\/sacoma.protur-hotels.com\/fr\/"]}]},{"@type":"BreadcrumbList","@id":"https:\/\/sacoma.protur-hotels.com\/fr\/#breadcrumb","itemListElement":[{"@type":"ListItem","position":1,"name":"Portada","item":"https:\/\/sacoma.protur-hotels.com\/fr\/"},{"@type":"ListItem","position":2,"name":"Homepage"}]}]}},"_links":{"self":[{"href":"https:\/\/sacoma.protur-hotels.com\/fr\/wp-json\/wp\/v2\/pages\/606"}],"collection":[{"href":"https:\/\/sacoma.protur-hotels.com\/fr\/wp-json\/wp\/v2\/pages"}],"about":[{"href":"https:\/\/sacoma.protur-hotels.com\/fr\/wp-json\/wp\/v2\/types\/page"}],"author":[{"embeddable":true,"href":"https:\/\/sacoma.protur-hotels.com\/fr\/wp-json\/wp\/v2\/users\/1"}],"replies":[{"embeddable":true,"href":"https:\/\/sacoma.protur-hotels.com\/fr\/wp-json\/wp\/v2\/comments?post=606"}],"version-history":[{"count":5,"href":"https:\/\/sacoma.protur-hotels.com\/fr\/wp-json\/wp\/v2\/pages\/606\/revisions"}],"predecessor-version":[{"id":947,"href":"https:\/\/sacoma.protur-hotels.com\/fr\/wp-json\/wp\/v2\/pages\/606\/revisions\/947"}],"wp:attachment":[{"href":"https:\/\/sacoma.protur-hotels.com\/fr\/wp-json\/wp\/v2\/media?parent=606"}],"curies":[{"name":"wp","href":"https:\/\/api.w.org\/{rel}","templated":true}]}}