{"id":1018,"date":"2019-06-25T07:01:50","date_gmt":"2019-06-25T07:01:50","guid":{"rendered":"https:\/\/sacoma.protur-hotels.com\/galeria-de-imagenes-protur-natura-farm\/"},"modified":"2022-03-02T09:06:26","modified_gmt":"2022-03-02T09:06:26","slug":"galerie-dimages-protur-natura-farm","status":"publish","type":"page","link":"https:\/\/sacoma.protur-hotels.com\/fr\/galerie-dimages-protur-natura-farm\/","title":{"rendered":"Galerie d’images Protur Natura Farm"},"content":{"rendered":"","protected":false},"excerpt":{"rendered":"","protected":false},"author":1,"featured_media":0,"parent":0,"menu_order":0,"comment_status":"closed","ping_status":"closed","template":"","meta":[],"yoast_head":"\nGalerie d'images Protur Natura Farm | Mallorca, Sa Coma<\/title>\n<meta name=\"description\" content=\"4 itin\u00e9raires diff\u00e9rents vous guideront \u00e0 travers les coins qui le composent, vous pourrez y admirer des animaux indig\u00e8nes...\" \/>\n<meta name=\"robots\" content=\"index, follow, max-snippet:-1, max-image-preview:large, max-video-preview:-1\" \/>\n<link rel=\"canonical\" href=\"https:\/\/sacoma.protur-hotels.com\/fr\/galerie-dimages-protur-natura-farm\/\" \/>\n<meta property=\"og:locale\" content=\"fr_FR\" \/>\n<meta property=\"og:type\" content=\"article\" \/>\n<meta property=\"og:title\" content=\"Galerie d'images Protur Natura Farm | Mallorca, Sa Coma\" \/>\n<meta property=\"og:description\" content=\"4 itin\u00e9raires diff\u00e9rents vous guideront \u00e0 travers les coins qui le composent, vous pourrez y admirer des animaux indig\u00e8nes...\" \/>\n<meta property=\"og:url\" content=\"https:\/\/sacoma.protur-hotels.com\/fr\/galerie-dimages-protur-natura-farm\/\" \/>\n<meta property=\"og:site_name\" content=\"Protur Sa Coma Resort diversi\u00f3n en familia\" \/>\n<meta property=\"article:publisher\" content=\"https:\/\/www.facebook.com\/clubprotursacomaresort\/\" \/>\n<meta property=\"article:modified_time\" content=\"2022-03-02T09:06:26+00:00\" \/>\n<meta name=\"twitter:card\" content=\"summary_large_image\" \/>\n<script type=\"application\/ld+json\" class=\"yoast-schema-graph\">{\"@context\":\"https:\/\/schema.org\",\"@graph\":[{\"@type\":\"Organization\",\"@id\":\"https:\/\/sacoma.protur-hotels.com\/#organization\",\"name\":\"Club PROTUR SA Coma REsort\",\"url\":\"https:\/\/sacoma.protur-hotels.com\/\",\"sameAs\":[\"https:\/\/www.facebook.com\/clubprotursacomaresort\/\"],\"logo\":{\"@type\":\"ImageObject\",\"@id\":\"https:\/\/sacoma.protur-hotels.com\/#logo\",\"inLanguage\":\"fr-FR\",\"url\":\"https:\/\/sacoma.protur-hotels.com\/wp-content\/uploads\/2019\/07\/Logo-club-sin-fondo.png\",\"contentUrl\":\"https:\/\/sacoma.protur-hotels.com\/wp-content\/uploads\/2019\/07\/Logo-club-sin-fondo.png\",\"width\":748,\"height\":748,\"caption\":\"Club PROTUR SA Coma REsort\"},\"image\":{\"@id\":\"https:\/\/sacoma.protur-hotels.com\/#logo\"}},{\"@type\":\"WebSite\",\"@id\":\"https:\/\/sacoma.protur-hotels.com\/#website\",\"url\":\"https:\/\/sacoma.protur-hotels.com\/\",\"name\":\"Protur Sa Coma Resort diversi\u00f3n en familia\",\"description\":\"Vive el Club PROTUR Sa Coma Resort! Un lugar \u00fanico en Mallorca en el que podr\u00e1s disfrutar de m\u00e1s de 200.000 m\u00b2 de instalaciones deportivas\",\"publisher\":{\"@id\":\"https:\/\/sacoma.protur-hotels.com\/#organization\"},\"potentialAction\":[{\"@type\":\"SearchAction\",\"target\":{\"@type\":\"EntryPoint\",\"urlTemplate\":\"https:\/\/sacoma.protur-hotels.com\/?s={search_term_string}\"},\"query-input\":\"required name=search_term_string\"}],\"inLanguage\":\"fr-FR\"},{\"@type\":\"WebPage\",\"@id\":\"https:\/\/sacoma.protur-hotels.com\/fr\/galerie-dimages-protur-natura-farm\/#webpage\",\"url\":\"https:\/\/sacoma.protur-hotels.com\/fr\/galerie-dimages-protur-natura-farm\/\",\"name\":\"Galerie d'images Protur Natura Farm | Mallorca, Sa Coma\",\"isPartOf\":{\"@id\":\"https:\/\/sacoma.protur-hotels.com\/#website\"},\"datePublished\":\"2019-06-25T07:01:50+00:00\",\"dateModified\":\"2022-03-02T09:06:26+00:00\",\"description\":\"4 itin\u00e9raires diff\u00e9rents vous guideront \u00e0 travers les coins qui le composent, vous pourrez y admirer des animaux indig\u00e8nes...\",\"breadcrumb\":{\"@id\":\"https:\/\/sacoma.protur-hotels.com\/fr\/galerie-dimages-protur-natura-farm\/#breadcrumb\"},\"inLanguage\":\"fr-FR\",\"potentialAction\":[{\"@type\":\"ReadAction\",\"target\":[\"https:\/\/sacoma.protur-hotels.com\/fr\/galerie-dimages-protur-natura-farm\/\"]}]},{\"@type\":\"BreadcrumbList\",\"@id\":\"https:\/\/sacoma.protur-hotels.com\/fr\/galerie-dimages-protur-natura-farm\/#breadcrumb\",\"itemListElement\":[{\"@type\":\"ListItem\",\"position\":1,\"name\":\"Portada\",\"item\":\"https:\/\/sacoma.protur-hotels.com\/fr\/\"},{\"@type\":\"ListItem\",\"position\":2,\"name\":\"Galerie d’images Protur Natura Farm\"}]}]}<\/script>\n<!-- \/ Yoast SEO plugin. -->","yoast_head_json":{"title":"Galerie d'images Protur Natura Farm | Mallorca, Sa Coma","description":"4 itin\u00e9raires diff\u00e9rents vous guideront \u00e0 travers les coins qui le composent, vous pourrez y admirer des animaux indig\u00e8nes...","robots":{"index":"index","follow":"follow","max-snippet":"max-snippet:-1","max-image-preview":"max-image-preview:large","max-video-preview":"max-video-preview:-1"},"canonical":"https:\/\/sacoma.protur-hotels.com\/fr\/galerie-dimages-protur-natura-farm\/","og_locale":"fr_FR","og_type":"article","og_title":"Galerie d'images Protur Natura Farm | Mallorca, Sa Coma","og_description":"4 itin\u00e9raires diff\u00e9rents vous guideront \u00e0 travers les coins qui le composent, vous pourrez y admirer des animaux indig\u00e8nes...","og_url":"https:\/\/sacoma.protur-hotels.com\/fr\/galerie-dimages-protur-natura-farm\/","og_site_name":"Protur Sa Coma Resort diversi\u00f3n en familia","article_publisher":"https:\/\/www.facebook.com\/clubprotursacomaresort\/","article_modified_time":"2022-03-02T09:06:26+00:00","twitter_card":"summary_large_image","schema":{"@context":"https:\/\/schema.org","@graph":[{"@type":"Organization","@id":"https:\/\/sacoma.protur-hotels.com\/#organization","name":"Club PROTUR SA Coma REsort","url":"https:\/\/sacoma.protur-hotels.com\/","sameAs":["https:\/\/www.facebook.com\/clubprotursacomaresort\/"],"logo":{"@type":"ImageObject","@id":"https:\/\/sacoma.protur-hotels.com\/#logo","inLanguage":"fr-FR","url":"https:\/\/sacoma.protur-hotels.com\/wp-content\/uploads\/2019\/07\/Logo-club-sin-fondo.png","contentUrl":"https:\/\/sacoma.protur-hotels.com\/wp-content\/uploads\/2019\/07\/Logo-club-sin-fondo.png","width":748,"height":748,"caption":"Club PROTUR SA Coma REsort"},"image":{"@id":"https:\/\/sacoma.protur-hotels.com\/#logo"}},{"@type":"WebSite","@id":"https:\/\/sacoma.protur-hotels.com\/#website","url":"https:\/\/sacoma.protur-hotels.com\/","name":"Protur Sa Coma Resort diversi\u00f3n en familia","description":"Vive el Club PROTUR Sa Coma Resort! Un lugar \u00fanico en Mallorca en el que podr\u00e1s disfrutar de m\u00e1s de 200.000 m\u00b2 de instalaciones deportivas","publisher":{"@id":"https:\/\/sacoma.protur-hotels.com\/#organization"},"potentialAction":[{"@type":"SearchAction","target":{"@type":"EntryPoint","urlTemplate":"https:\/\/sacoma.protur-hotels.com\/?s={search_term_string}"},"query-input":"required name=search_term_string"}],"inLanguage":"fr-FR"},{"@type":"WebPage","@id":"https:\/\/sacoma.protur-hotels.com\/fr\/galerie-dimages-protur-natura-farm\/#webpage","url":"https:\/\/sacoma.protur-hotels.com\/fr\/galerie-dimages-protur-natura-farm\/","name":"Galerie d'images Protur Natura Farm | Mallorca, Sa Coma","isPartOf":{"@id":"https:\/\/sacoma.protur-hotels.com\/#website"},"datePublished":"2019-06-25T07:01:50+00:00","dateModified":"2022-03-02T09:06:26+00:00","description":"4 itin\u00e9raires diff\u00e9rents vous guideront \u00e0 travers les coins qui le composent, vous pourrez y admirer des animaux indig\u00e8nes...","breadcrumb":{"@id":"https:\/\/sacoma.protur-hotels.com\/fr\/galerie-dimages-protur-natura-farm\/#breadcrumb"},"inLanguage":"fr-FR","potentialAction":[{"@type":"ReadAction","target":["https:\/\/sacoma.protur-hotels.com\/fr\/galerie-dimages-protur-natura-farm\/"]}]},{"@type":"BreadcrumbList","@id":"https:\/\/sacoma.protur-hotels.com\/fr\/galerie-dimages-protur-natura-farm\/#breadcrumb","itemListElement":[{"@type":"ListItem","position":1,"name":"Portada","item":"https:\/\/sacoma.protur-hotels.com\/fr\/"},{"@type":"ListItem","position":2,"name":"Galerie d’images Protur Natura Farm"}]}]}},"_links":{"self":[{"href":"https:\/\/sacoma.protur-hotels.com\/fr\/wp-json\/wp\/v2\/pages\/1018"}],"collection":[{"href":"https:\/\/sacoma.protur-hotels.com\/fr\/wp-json\/wp\/v2\/pages"}],"about":[{"href":"https:\/\/sacoma.protur-hotels.com\/fr\/wp-json\/wp\/v2\/types\/page"}],"author":[{"embeddable":true,"href":"https:\/\/sacoma.protur-hotels.com\/fr\/wp-json\/wp\/v2\/users\/1"}],"replies":[{"embeddable":true,"href":"https:\/\/sacoma.protur-hotels.com\/fr\/wp-json\/wp\/v2\/comments?post=1018"}],"version-history":[{"count":5,"href":"https:\/\/sacoma.protur-hotels.com\/fr\/wp-json\/wp\/v2\/pages\/1018\/revisions"}],"predecessor-version":[{"id":1368,"href":"https:\/\/sacoma.protur-hotels.com\/fr\/wp-json\/wp\/v2\/pages\/1018\/revisions\/1368"}],"wp:attachment":[{"href":"https:\/\/sacoma.protur-hotels.com\/fr\/wp-json\/wp\/v2\/media?parent=1018"}],"curies":[{"name":"wp","href":"https:\/\/api.w.org\/{rel}","templated":true}]}}