{"id":754,"date":"2019-06-03T16:06:03","date_gmt":"2019-06-03T16:06:03","guid":{"rendered":"https:\/\/sacoma.protur-hotels.com\/el-club\/"},"modified":"2022-02-28T15:59:45","modified_gmt":"2022-02-28T15:59:45","slug":"club-protur-sa-coma-resort","status":"publish","type":"page","link":"https:\/\/sacoma.protur-hotels.com\/en\/club-protur-sa-coma-resort\/","title":{"rendered":"Club PROTUR Sa Coma Resort"},"content":{"rendered":"","protected":false},"excerpt":{"rendered":"","protected":false},"author":1,"featured_media":0,"parent":0,"menu_order":0,"comment_status":"closed","ping_status":"closed","template":"","meta":[],"yoast_head":"\nEnjoy the Club PROTUR Sa Coma Resort! A place unique in Majorca<\/title>\n<meta name=\"description\" content=\"The Club PROTUR Sa Coma Resort is made up of 5 hotels & aparthotels: Protur Biomar Sensatori Resort, Protur Safari Park, Protur Vista Badia...\" \/>\n<meta name=\"robots\" content=\"index, follow, max-snippet:-1, max-image-preview:large, max-video-preview:-1\" \/>\n<link rel=\"canonical\" href=\"https:\/\/sacoma.protur-hotels.com\/el-club\/\" \/>\n<meta property=\"og:locale\" content=\"en_US\" \/>\n<meta property=\"og:type\" content=\"article\" \/>\n<meta property=\"og:title\" content=\"Enjoy the Club PROTUR Sa Coma Resort! A place unique in Majorca\" \/>\n<meta property=\"og:description\" content=\"The Club PROTUR Sa Coma Resort is made up of 5 hotels & aparthotels: Protur Biomar Sensatori Resort, Protur Safari Park, Protur Vista Badia...\" \/>\n<meta property=\"og:url\" content=\"https:\/\/sacoma.protur-hotels.com\/el-club\/\" \/>\n<meta property=\"og:site_name\" content=\"Protur Sa Coma Resort diversi\u00f3n en familia\" \/>\n<meta property=\"article:publisher\" content=\"https:\/\/www.facebook.com\/clubprotursacomaresort\/\" \/>\n<meta property=\"article:modified_time\" content=\"2022-02-28T15:59:45+00:00\" \/>\n<meta name=\"twitter:card\" content=\"summary_large_image\" \/>\n<script type=\"application\/ld+json\" class=\"yoast-schema-graph\">{\"@context\":\"https:\/\/schema.org\",\"@graph\":[{\"@type\":\"Organization\",\"@id\":\"https:\/\/sacoma.protur-hotels.com\/#organization\",\"name\":\"Club PROTUR SA Coma REsort\",\"url\":\"https:\/\/sacoma.protur-hotels.com\/\",\"sameAs\":[\"https:\/\/www.facebook.com\/clubprotursacomaresort\/\"],\"logo\":{\"@type\":\"ImageObject\",\"@id\":\"https:\/\/sacoma.protur-hotels.com\/#logo\",\"inLanguage\":\"en-US\",\"url\":\"https:\/\/sacoma.protur-hotels.com\/wp-content\/uploads\/2019\/07\/Logo-club-sin-fondo.png\",\"contentUrl\":\"https:\/\/sacoma.protur-hotels.com\/wp-content\/uploads\/2019\/07\/Logo-club-sin-fondo.png\",\"width\":748,\"height\":748,\"caption\":\"Club PROTUR SA Coma REsort\"},\"image\":{\"@id\":\"https:\/\/sacoma.protur-hotels.com\/#logo\"}},{\"@type\":\"WebSite\",\"@id\":\"https:\/\/sacoma.protur-hotels.com\/#website\",\"url\":\"https:\/\/sacoma.protur-hotels.com\/\",\"name\":\"Protur Sa Coma Resort diversi\u00f3n en familia\",\"description\":\"Vive el Club PROTUR Sa Coma Resort! Un lugar \u00fanico en Mallorca en el que podr\u00e1s disfrutar de m\u00e1s de 200.000 m\u00b2 de instalaciones deportivas\",\"publisher\":{\"@id\":\"https:\/\/sacoma.protur-hotels.com\/#organization\"},\"potentialAction\":[{\"@type\":\"SearchAction\",\"target\":{\"@type\":\"EntryPoint\",\"urlTemplate\":\"https:\/\/sacoma.protur-hotels.com\/?s={search_term_string}\"},\"query-input\":\"required name=search_term_string\"}],\"inLanguage\":\"en-US\"},{\"@type\":\"WebPage\",\"@id\":\"https:\/\/sacoma.protur-hotels.com\/el-club\/#webpage\",\"url\":\"https:\/\/sacoma.protur-hotels.com\/el-club\/\",\"name\":\"Enjoy the Club PROTUR Sa Coma Resort! A place unique in Majorca\",\"isPartOf\":{\"@id\":\"https:\/\/sacoma.protur-hotels.com\/#website\"},\"datePublished\":\"2019-06-03T16:06:03+00:00\",\"dateModified\":\"2022-02-28T15:59:45+00:00\",\"description\":\"The Club PROTUR Sa Coma Resort is made up of 5 hotels & aparthotels: Protur Biomar Sensatori Resort, Protur Safari Park, Protur Vista Badia...\",\"breadcrumb\":{\"@id\":\"https:\/\/sacoma.protur-hotels.com\/el-club\/#breadcrumb\"},\"inLanguage\":\"en-US\",\"potentialAction\":[{\"@type\":\"ReadAction\",\"target\":[\"https:\/\/sacoma.protur-hotels.com\/el-club\/\"]}]},{\"@type\":\"BreadcrumbList\",\"@id\":\"https:\/\/sacoma.protur-hotels.com\/el-club\/#breadcrumb\",\"itemListElement\":[{\"@type\":\"ListItem\",\"position\":1,\"name\":\"Portada\",\"item\":\"https:\/\/sacoma.protur-hotels.com\/de\/\"},{\"@type\":\"ListItem\",\"position\":2,\"name\":\"Club PROTUR Sa Coma Resort\"}]}]}<\/script>\n<!-- \/ Yoast SEO plugin. -->","yoast_head_json":{"title":"Enjoy the Club PROTUR Sa Coma Resort! A place unique in Majorca","description":"The Club PROTUR Sa Coma Resort is made up of 5 hotels & aparthotels: Protur Biomar Sensatori Resort, Protur Safari Park, Protur Vista Badia...","robots":{"index":"index","follow":"follow","max-snippet":"max-snippet:-1","max-image-preview":"max-image-preview:large","max-video-preview":"max-video-preview:-1"},"canonical":"https:\/\/sacoma.protur-hotels.com\/el-club\/","og_locale":"en_US","og_type":"article","og_title":"Enjoy the Club PROTUR Sa Coma Resort! A place unique in Majorca","og_description":"The Club PROTUR Sa Coma Resort is made up of 5 hotels & aparthotels: Protur Biomar Sensatori Resort, Protur Safari Park, Protur Vista Badia...","og_url":"https:\/\/sacoma.protur-hotels.com\/el-club\/","og_site_name":"Protur Sa Coma Resort diversi\u00f3n en familia","article_publisher":"https:\/\/www.facebook.com\/clubprotursacomaresort\/","article_modified_time":"2022-02-28T15:59:45+00:00","twitter_card":"summary_large_image","schema":{"@context":"https:\/\/schema.org","@graph":[{"@type":"Organization","@id":"https:\/\/sacoma.protur-hotels.com\/#organization","name":"Club PROTUR SA Coma REsort","url":"https:\/\/sacoma.protur-hotels.com\/","sameAs":["https:\/\/www.facebook.com\/clubprotursacomaresort\/"],"logo":{"@type":"ImageObject","@id":"https:\/\/sacoma.protur-hotels.com\/#logo","inLanguage":"en-US","url":"https:\/\/sacoma.protur-hotels.com\/wp-content\/uploads\/2019\/07\/Logo-club-sin-fondo.png","contentUrl":"https:\/\/sacoma.protur-hotels.com\/wp-content\/uploads\/2019\/07\/Logo-club-sin-fondo.png","width":748,"height":748,"caption":"Club PROTUR SA Coma REsort"},"image":{"@id":"https:\/\/sacoma.protur-hotels.com\/#logo"}},{"@type":"WebSite","@id":"https:\/\/sacoma.protur-hotels.com\/#website","url":"https:\/\/sacoma.protur-hotels.com\/","name":"Protur Sa Coma Resort diversi\u00f3n en familia","description":"Vive el Club PROTUR Sa Coma Resort! Un lugar \u00fanico en Mallorca en el que podr\u00e1s disfrutar de m\u00e1s de 200.000 m\u00b2 de instalaciones deportivas","publisher":{"@id":"https:\/\/sacoma.protur-hotels.com\/#organization"},"potentialAction":[{"@type":"SearchAction","target":{"@type":"EntryPoint","urlTemplate":"https:\/\/sacoma.protur-hotels.com\/?s={search_term_string}"},"query-input":"required name=search_term_string"}],"inLanguage":"en-US"},{"@type":"WebPage","@id":"https:\/\/sacoma.protur-hotels.com\/el-club\/#webpage","url":"https:\/\/sacoma.protur-hotels.com\/el-club\/","name":"Enjoy the Club PROTUR Sa Coma Resort! A place unique in Majorca","isPartOf":{"@id":"https:\/\/sacoma.protur-hotels.com\/#website"},"datePublished":"2019-06-03T16:06:03+00:00","dateModified":"2022-02-28T15:59:45+00:00","description":"The Club PROTUR Sa Coma Resort is made up of 5 hotels & aparthotels: Protur Biomar Sensatori Resort, Protur Safari Park, Protur Vista Badia...","breadcrumb":{"@id":"https:\/\/sacoma.protur-hotels.com\/el-club\/#breadcrumb"},"inLanguage":"en-US","potentialAction":[{"@type":"ReadAction","target":["https:\/\/sacoma.protur-hotels.com\/el-club\/"]}]},{"@type":"BreadcrumbList","@id":"https:\/\/sacoma.protur-hotels.com\/el-club\/#breadcrumb","itemListElement":[{"@type":"ListItem","position":1,"name":"Portada","item":"https:\/\/sacoma.protur-hotels.com\/de\/"},{"@type":"ListItem","position":2,"name":"Club PROTUR Sa Coma Resort"}]}]}},"_links":{"self":[{"href":"https:\/\/sacoma.protur-hotels.com\/en\/wp-json\/wp\/v2\/pages\/754"}],"collection":[{"href":"https:\/\/sacoma.protur-hotels.com\/en\/wp-json\/wp\/v2\/pages"}],"about":[{"href":"https:\/\/sacoma.protur-hotels.com\/en\/wp-json\/wp\/v2\/types\/page"}],"author":[{"embeddable":true,"href":"https:\/\/sacoma.protur-hotels.com\/en\/wp-json\/wp\/v2\/users\/1"}],"replies":[{"embeddable":true,"href":"https:\/\/sacoma.protur-hotels.com\/en\/wp-json\/wp\/v2\/comments?post=754"}],"version-history":[{"count":5,"href":"https:\/\/sacoma.protur-hotels.com\/en\/wp-json\/wp\/v2\/pages\/754\/revisions"}],"predecessor-version":[{"id":1334,"href":"https:\/\/sacoma.protur-hotels.com\/en\/wp-json\/wp\/v2\/pages\/754\/revisions\/1334"}],"wp:attachment":[{"href":"https:\/\/sacoma.protur-hotels.com\/en\/wp-json\/wp\/v2\/media?parent=754"}],"curies":[{"name":"wp","href":"https:\/\/api.w.org\/{rel}","templated":true}]}}